{"id":12,"date":"2021-08-24T06:32:22","date_gmt":"2021-08-24T06:32:22","guid":{"rendered":"https:\/\/www.psicoterapiainsight.it\/?page_id=12"},"modified":"2024-03-27T19:14:17","modified_gmt":"2024-03-27T19:14:17","slug":"psicoterapia_insight_home","status":"publish","type":"page","link":"https:\/\/www.psicoterapiainsight.it\/","title":{"rendered":"HOME"},"content":{"rendered":"\n<div class=\"wp-block-group alignfull has-foreground-color has-text-color has-background\" style=\"background-color:#d9ffb3\"><div class=\"wp-block-group__inner-container\">\n<div class=\"wp-block-columns alignfull\">\n<div class=\"wp-block-column\">\n<h2>Chi<\/h2>\n\n\n\n<p class=\"has-small-font-size\">Il Dr. Silvio Fontanini, \u00e8 psicoterapeuta medico psichiatra per adolescenti e adulti con una notevole esperienza. E\u2019 specializzato in neuropsichiatria dell\u2019infanzia e dell\u2019adolescenza presso l\u2019Universit\u00e0 di Bologna. E\u2019 uno psicoterapeuta, iscritto all&#8217;Albo dell\u2019Ordine dei medici di Verona. La psicoterapia \u00e8 ad indirizzo psicodinamico, infatti il dr. Fontanini si \u00e8 formato a Padova, con il Gruppo diretto dal prof. Ferdinando Barison, uno dei fondatori della psicoterapia fenomenologica in Italia. <\/p>\n\n\n\n<p class=\"has-small-font-size\">E\u2019 stato per decenni Dirigente Medico, impiegato nel Sistema Sanitario Nazionale pubblico (SSN), a livello ospedaliero e sul territorio, in alcune ULSS del Veneto, sia in reparti di psichiatria per adulti (SPDC e CSM), che nei servizi di neuropsichiatria infantile ed adolescenza. Fu incaricato del raccordo collaborativo tra il Dipartimento di Salute Mentale e gli altri servizi dell\u2019ULSS 22 interessati all\u2019applicazione delle Leggi 285\/97 e 145\/2001, interagendo pure con le Agenzie e le Strutture previste per l\u2019adolescenza, dal Progetto Obiettivo Regionale 2010-2012 per la tutela della salute mentale. E\u2019 stato referente sanitario delle tre ULSS Veronesi, nel gruppo di lavoro provinciale previsto dalla Legge 104\/92 per l\u2019handicap. <\/p>\n\n\n\n<p class=\"has-small-font-size\">Ha insegnato Neurologia e Neuropsichiatria infantile, nei corsi di studio riconosciuti dalla Regione Veneto, per la formazione degli Educatori. <\/p>\n\n\n\n<p class=\"has-small-font-size\">Ha prestato servizio nel Reparto di Neurologia e nel Consultorio Psicologico dell\u2019Ospedale Militare di Verona. Ricopre ora il grado di Ten. Col. medico della Croce Rossa Militare Italiana. In tale ambito ha ottenuto la formazione in Medicina delle catastrofi e in Diritto Internazionale Umanitario (D.I.U.). E\u2019 stato attivamente impegnato con la CRI nel soccorso alle vittime del terremoto dell\u2019Aquila nel 2009. <\/p>\n\n\n\n<p class=\"has-small-font-size\">Da libero professionista, ha avuto richieste terapeutiche da pazienti vari, tra cui giovani adulti ed adolescenti affetti da sindromi depressive, disturbi affettivi, autolesionismo, psicosi, disturbi di personalit\u00e0 di grado minore e borderline, nevrosi semplici ed ossessivo-compulsive e disturbi del comportamento alimentare (bulimia ed anoressia). Il Dr. Silvio Fontanini ha inoltre all\u2019attivo pubblicazioni nei campi della neurologia pediatrica e della psichiatria in et\u00e0 evolutiva. Ha tenuto varie conferenze radiofoniche su temi psicologici. Ha collaborato con i Tribunali dei Minori di Venezia e Bari. E\u2019 membro della sezione italiana di  AEPEA (Association Europ\u00e9enne de Psychopathologie de l\u2019Enfant et de l\u2019Adolescent). Ed \u00e8 membro del Comitato nazionale di &#8220;Verit\u00e0 e Vita&#8221;. <\/p>\n\n\n\n<p class=\"has-text-align-justify\"><\/p>\n<\/div>\n\n\n\n<div class=\"wp-block-column\">\n<div class=\"wp-block-group\"><div class=\"wp-block-group__inner-container\">\n<div class=\"wp-block-columns\">\n<div class=\"wp-block-column\">\n<div class=\"wp-block-columns\">\n<div class=\"wp-block-column\" style=\"flex-basis:33.33%\">\n<figure class=\"wp-block-image size-full is-style-rounded\"><img loading=\"lazy\" width=\"450\" height=\"600\" src=\"https:\/\/www.psicoterapiainsight.it\/wp-content\/uploads\/2021\/09\/silviofontanini.jpg\" alt=\"\" class=\"wp-image-55\" srcset=\"https:\/\/www.psicoterapiainsight.it\/wp-content\/uploads\/2021\/09\/silviofontanini.jpg 450w, https:\/\/www.psicoterapiainsight.it\/wp-content\/uploads\/2021\/09\/silviofontanini-225x300.jpg 225w\" sizes=\"(max-width: 450px) 100vw, 450px\" \/><\/figure>\n<\/div>\n\n\n\n<div class=\"wp-block-column\" style=\"flex-basis:66.66%\">\n<blockquote class=\"wp-block-quote is-style-default\"><p>DOVE<\/p><cite>Il dottore \u00e8 presente:<br><br> a Gorizia (GO) in via Fratelli Cossar, 25 a Gorizia (GO) ,<br>nel Centro di Psicoterapia di Verona in via Franchetti, 4 (scala A).<\/cite><\/blockquote>\n\n\n\n<blockquote class=\"wp-block-quote is-style-default\"><p>CELL.<\/p><cite>+39 347 752 752 0<\/cite><\/blockquote>\n<\/div>\n<\/div>\n<\/div>\n<\/div>\n<\/div><\/div>\n<\/div>\n<\/div>\n\n\n\n<p><\/p>\n<\/div><\/div>\n\n\n\n<div class=\"wp-block-columns alignfull\">\n<div class=\"wp-block-column\">\n<blockquote class=\"wp-block-quote has-text-align-center is-style-default\"><p>Attivit\u00e0:<\/p><cite>psicoterapeuta del comportamento alimentare psicoterapeuta per adolescenza psicodiagnostica adulti psicodiagnostica et\u00e0 evolutiva psicodinamica consulenza neuropsichiatrica infantile psicoterapeuta presa in carico psicoterapeutica<\/cite><\/blockquote>\n<\/div>\n\n\n\n<div class=\"wp-block-column\">\n<blockquote class=\"wp-block-quote has-text-align-center is-style-default\"><p>Terapie, trattamenti e cure per:<\/p><cite>Psicosi acute, croniche e residuali, nevrosi, depressioni, disturbi del tono dell\u2019umore, auto ed etero\u2013aggressivit\u00e0, ideazione suicidaria ed autolesionismo, disturbi di personalit\u00e0, disturbi delle condotte, anoressia, bulimia e obesit\u00e0, disfunzioni sessuali, disturbi d\u2019ansia, disturbi bipolari, attacchi di panico, difficolt\u00e0 relazionali.<\/cite><\/blockquote>\n<\/div>\n\n\n\n<div class=\"wp-block-column\">\n<blockquote class=\"wp-block-quote has-text-align-center is-style-default\"><p>Servizi:<\/p><cite>et\u00e0 adulta ed adolescentologia , consultazioni psicodiagnostiche, colloquio clinico, diagnosi, prognosi, terapia e riabilitazione.<\/cite><\/blockquote>\n<\/div>\n\n\n\n<div class=\"wp-block-column\">\n<blockquote class=\"wp-block-quote has-text-align-center is-style-default\"><p>Specializzazioni:<\/p><cite>fenomenologia neuropsichiatria neuropsicologia psicosi neuropsichiatria infantile neuropsichiatria adolescenziale valutazione personologica nevrosi<\/cite><\/blockquote>\n<\/div>\n<\/div>\n\n\n\n<div class=\"wp-block-group alignfull has-primary-background-color has-background\"><div class=\"wp-block-group__inner-container\">\n<div class=\"wp-block-columns\">\n<div class=\"wp-block-column\" style=\"flex-basis:33.33%\">\n<figure class=\"wp-block-image size-medium is-style-rounded\"><img loading=\"lazy\" width=\"300\" height=\"215\" src=\"https:\/\/www.psicoterapiainsight.it\/wp-content\/uploads\/2021\/09\/papaveri-300x215.jpg\" alt=\"\" class=\"wp-image-69\" srcset=\"https:\/\/www.psicoterapiainsight.it\/wp-content\/uploads\/2021\/09\/papaveri-300x215.jpg 300w, https:\/\/www.psicoterapiainsight.it\/wp-content\/uploads\/2021\/09\/papaveri-768x551.jpg 768w, https:\/\/www.psicoterapiainsight.it\/wp-content\/uploads\/2021\/09\/papaveri.jpg 900w\" sizes=\"(max-width: 300px) 100vw, 300px\" \/><\/figure>\n<\/div>\n\n\n\n<div class=\"wp-block-column\" style=\"flex-basis:66.66%\">\n<div role=\"form\" class=\"wpcf7\" id=\"wpcf7-f6-o1\" lang=\"en-US\" dir=\"ltr\">\n<div class=\"screen-reader-response\"><p role=\"status\" aria-live=\"polite\" aria-atomic=\"true\"><\/p> <ul><\/ul><\/div>\n<form action=\"\/index.php\/wp-json\/wp\/v2\/pages\/12#wpcf7-f6-o1\" method=\"post\" class=\"wpcf7-form init\" novalidate=\"novalidate\" data-status=\"init\">\n<div style=\"display: none;\">\n<input type=\"hidden\" name=\"_wpcf7\" value=\"6\" \/>\n<input type=\"hidden\" name=\"_wpcf7_version\" value=\"5.5.6.1\" \/>\n<input type=\"hidden\" name=\"_wpcf7_locale\" value=\"en_US\" \/>\n<input type=\"hidden\" name=\"_wpcf7_unit_tag\" value=\"wpcf7-f6-o1\" \/>\n<input type=\"hidden\" name=\"_wpcf7_container_post\" value=\"0\" \/>\n<input type=\"hidden\" name=\"_wpcf7_posted_data_hash\" value=\"\" \/>\n<\/div>\n<p><label> Nome<br \/>\n    <span class=\"wpcf7-form-control-wrap your-name\"><input type=\"text\" name=\"your-name\" value=\"\" size=\"40\" class=\"wpcf7-form-control wpcf7-text wpcf7-validates-as-required\" aria-required=\"true\" aria-invalid=\"false\" \/><\/span> <\/label><\/p>\n<p><label> e-mail<br \/>\n    <span class=\"wpcf7-form-control-wrap your-email\"><input type=\"email\" name=\"your-email\" value=\"\" size=\"40\" class=\"wpcf7-form-control wpcf7-text wpcf7-email wpcf7-validates-as-required wpcf7-validates-as-email\" aria-required=\"true\" aria-invalid=\"false\" \/><\/span> <\/label><\/p>\n<p><label> Oggetto<br \/>\n    <span class=\"wpcf7-form-control-wrap your-subject\"><input type=\"text\" name=\"your-subject\" value=\"\" size=\"40\" class=\"wpcf7-form-control wpcf7-text wpcf7-validates-as-required\" aria-required=\"true\" aria-invalid=\"false\" \/><\/span> <\/label><\/p>\n<p><label> Messaggio<br \/>\n    <span class=\"wpcf7-form-control-wrap your-message\"><textarea name=\"your-message\" cols=\"40\" rows=\"10\" class=\"wpcf7-form-control wpcf7-textarea\" aria-invalid=\"false\"><\/textarea><\/span> <\/label><\/p>\n<p><input type=\"submit\" value=\"Invia\" class=\"wpcf7-form-control has-spinner wpcf7-submit\" \/><\/p>\n<p style=\"display: none !important;\" class=\"akismet-fields-container\" data-prefix=\"_wpcf7_ak_\"><label>&#916;<textarea name=\"_wpcf7_ak_hp_textarea\" cols=\"45\" rows=\"8\" maxlength=\"100\"><\/textarea><\/label><input type=\"hidden\" id=\"ak_js_1\" name=\"_wpcf7_ak_js\" value=\"129\"\/><script>document.getElementById( \"ak_js_1\" ).setAttribute( \"value\", ( new Date() ).getTime() );<\/script><\/p><div class=\"wpcf7-response-output\" aria-hidden=\"true\"><\/div><\/form><\/div>\n\n\n\n<p><\/p>\n<\/div>\n<\/div>\n<\/div><\/div>\n\n\n\n<p><\/p>\n","protected":false},"excerpt":{"rendered":"<p>Chi Il Dr. Silvio Fontanini, \u00e8 psicoterapeuta medico psichiatra per adolescenti e adulti con una notevole esperienza. E\u2019 specializzato in neuropsichiatria dell\u2019infanzia e dell\u2019adolescenza presso l\u2019Universit\u00e0 di Bologna. E\u2019 uno psicoterapeuta, iscritto all&#8217;Albo dell\u2019Ordine dei medici di Verona. La psicoterapia \u00e8 ad indirizzo psicodinamico, infatti il dr. Fontanini si \u00e8 formato a Padova, con il<a class=\"more-link\" href=\"https:\/\/www.psicoterapiainsight.it\/\">Continua a leggere <span class=\"screen-reader-text\">&#8220;HOME&#8221;<\/span><\/a><\/p>\n","protected":false},"author":1,"featured_media":0,"parent":0,"menu_order":0,"comment_status":"closed","ping_status":"closed","template":"","meta":[],"_links":{"self":[{"href":"https:\/\/www.psicoterapiainsight.it\/index.php\/wp-json\/wp\/v2\/pages\/12"}],"collection":[{"href":"https:\/\/www.psicoterapiainsight.it\/index.php\/wp-json\/wp\/v2\/pages"}],"about":[{"href":"https:\/\/www.psicoterapiainsight.it\/index.php\/wp-json\/wp\/v2\/types\/page"}],"author":[{"embeddable":true,"href":"https:\/\/www.psicoterapiainsight.it\/index.php\/wp-json\/wp\/v2\/users\/1"}],"replies":[{"embeddable":true,"href":"https:\/\/www.psicoterapiainsight.it\/index.php\/wp-json\/wp\/v2\/comments?post=12"}],"version-history":[{"count":31,"href":"https:\/\/www.psicoterapiainsight.it\/index.php\/wp-json\/wp\/v2\/pages\/12\/revisions"}],"predecessor-version":[{"id":102,"href":"https:\/\/www.psicoterapiainsight.it\/index.php\/wp-json\/wp\/v2\/pages\/12\/revisions\/102"}],"wp:attachment":[{"href":"https:\/\/www.psicoterapiainsight.it\/index.php\/wp-json\/wp\/v2\/media?parent=12"}],"curies":[{"name":"wp","href":"https:\/\/api.w.org\/{rel}","templated":true}]}}